{"id":38,"date":"2025-06-19T09:25:39","date_gmt":"2025-06-19T09:25:39","guid":{"rendered":"https:\/\/brillantesaeta.espaciohumanista.org\/?page_id=38"},"modified":"2025-07-16T17:03:22","modified_gmt":"2025-07-16T17:03:22","slug":"brillante-saeta","status":"publish","type":"page","link":"https:\/\/brillantesaeta.espaciohumanista.org\/","title":{"rendered":"Brillante Saeta"},"content":{"rendered":"\n<div class=\"wp-block-group alignfull has-global-padding is-layout-constrained wp-block-group-is-layout-constrained\" style=\"margin-top:0;margin-bottom:0;padding-top:var(--wp--preset--spacing--50);padding-bottom:var(--wp--preset--spacing--50)\">\n<div class=\"wp-block-columns alignwide is-layout-flex wp-container-core-columns-is-layout-47c06fe3 wp-block-columns-is-layout-flex\">\n<div class=\"wp-block-column is-layout-flow wp-block-column-is-layout-flow\" style=\"flex-basis:56%\">\n<figure class=\"wp-block-gallery has-nested-images columns-default is-cropped wp-block-gallery-1 is-layout-flex wp-block-gallery-is-layout-flex\">\n<figure class=\"wp-block-image size-full\"><img loading=\"lazy\" decoding=\"async\" width=\"540\" height=\"522\" data-id=\"42\" src=\"https:\/\/brillantesaeta.espaciohumanista.org\/wp-content\/uploads\/2025\/06\/cieloestrellado.png\" alt=\"\" class=\"wp-image-42\" style=\"aspect-ratio:1;object-fit:cover\" srcset=\"https:\/\/brillantesaeta.espaciohumanista.org\/wp-content\/uploads\/2025\/06\/cieloestrellado.png 540w, https:\/\/brillantesaeta.espaciohumanista.org\/wp-content\/uploads\/2025\/06\/cieloestrellado-300x290.png 300w\" sizes=\"auto, (max-width: 540px) 100vw, 540px\" \/><\/figure>\n<\/figure>\n<\/div>\n\n\n\n<div class=\"wp-block-column is-vertically-aligned-center is-layout-flow wp-container-core-column-is-layout-119bc444 wp-block-column-is-layout-flow\">\n<h2 class=\"wp-block-heading\">No eres un b\u00f3lido que cae, sino una brillante saeta que vuelas hacia los cielos.<\/h2>\n\n\n\n<p>Brillante saeta es un grupo de personas, que tienen como prop\u00f3sito, la transmisi\u00f3n de los relatos de vida, poniendo la mirada sobre todo en las experiencias de la no-violencia, la compasi\u00f3n y la ayuda. Experiencias que nos recuerdan quienes somos y nos inspiran en nuestras decisiones y actos futuros.<\/p>\n\n\n\n<p>\u00bfDonde?<\/p>\n\n\n\n<ul class=\"wp-block-list\">\n<li>Exposiciones publicas, universidad, etc<\/li>\n\n\n\n<li>Podcast<\/li>\n\n\n\n<li>Youtube, FaceBook, TicToc, Instagram.<\/li>\n<\/ul>\n<\/div>\n<\/div>\n<\/div>\n\n\n\n<div class=\"wp-block-group has-global-padding is-layout-constrained wp-block-group-is-layout-constrained\">\n<p class=\"is-style-text-subtitle is-style-text-subtitle--2\">\u00bfPorqu\u00e9 hacemos lo que hacemos?<\/p>\n\n\n\n<p>Porque el sentido de la vida no es lograr el \u00e9xito y reconocimiento como individuo aislado. Eso es la ilusi\u00f3n de un mundo envejecido.<\/p>\n\n\n\n<p>Vivimos en relaci\u00f3n unos con otros. Esa es la realidad.<\/p>\n\n\n\n<p>Las experiencias inspiradoras nos ayudan a mirar mas all\u00e1 de la cadena de ilusiones en las que nos sentimos atados y encontrarnos con lo mejor de uno mismo y del otro, creando esperanzan, humanizando al mundo.<\/p>\n\n\n\n<p class=\"is-style-text-subtitle is-style-text-subtitle--3\">\u00bfDonde nos inspiramos?<\/p>\n\n\n\n<p class=\"is-style-default\">Algunos de nosotros formamos parte de comunidades el mensaje de silo, otros estamos pr\u00f3ximos a los planteos humanistas, otros no, pero todos sentimos la necesidad profunda de fortalecer el sentido de nuestras vidas, lejos de los espacios de la soberbia que ensombrece nuestro mundo, y con intima sinceridad inspirar nuestras mentes y acciones.<\/p>\n\n\n\n<p>Pintemos los techos con esperanza.<\/p>\n<\/div>\n\n\n\n<div class=\"wp-block-group alignfull has-global-padding is-layout-constrained wp-block-group-is-layout-constrained\" style=\"margin-top:0;margin-bottom:0;padding-top:var(--wp--preset--spacing--50);padding-bottom:var(--wp--preset--spacing--50)\">\n<div class=\"wp-block-group alignwide is-layout-grid wp-container-core-group-is-layout-840b37f5 wp-block-group-is-layout-grid\">\n<div class=\"wp-block-group is-vertical is-content-justification-stretch is-layout-flex wp-container-core-group-is-layout-353c4f5a wp-block-group-is-layout-flex\">\n<div class=\"wp-block-cover\"><img loading=\"lazy\" decoding=\"async\" width=\"1024\" height=\"683\" class=\"wp-block-cover__image-background wp-image-41 size-large\" alt=\"\" src=\"https:\/\/brillantesaeta.espaciohumanista.org\/wp-content\/uploads\/2025\/06\/vista-de-manos-sosteniendo-luz-de-luna-1024x683.jpg\" data-object-fit=\"cover\" srcset=\"https:\/\/brillantesaeta.espaciohumanista.org\/wp-content\/uploads\/2025\/06\/vista-de-manos-sosteniendo-luz-de-luna-1024x683.jpg 1024w, https:\/\/brillantesaeta.espaciohumanista.org\/wp-content\/uploads\/2025\/06\/vista-de-manos-sosteniendo-luz-de-luna-300x200.jpg 300w, https:\/\/brillantesaeta.espaciohumanista.org\/wp-content\/uploads\/2025\/06\/vista-de-manos-sosteniendo-luz-de-luna-768x512.jpg 768w, https:\/\/brillantesaeta.espaciohumanista.org\/wp-content\/uploads\/2025\/06\/vista-de-manos-sosteniendo-luz-de-luna-1536x1024.jpg 1536w, https:\/\/brillantesaeta.espaciohumanista.org\/wp-content\/uploads\/2025\/06\/vista-de-manos-sosteniendo-luz-de-luna-2048x1365.jpg 2048w\" sizes=\"auto, (max-width: 1024px) 100vw, 1024px\" \/><span aria-hidden=\"true\" class=\"wp-block-cover__background has-background-dim-0 has-background-dim\" style=\"background-color:#4f2d0b\"><\/span><div class=\"wp-block-cover__inner-container has-global-padding is-layout-constrained wp-block-cover-is-layout-constrained\">\n<div style=\"height:var(--wp--preset--spacing--20)\" aria-hidden=\"true\" class=\"wp-block-spacer\"><\/div>\n<\/div><\/div>\n\n\n\n<p class=\"has-text-align-center\"><a href=\"https:\/\/brillantesaeta.espaciohumanista.org\/index.php\/vidas\">Vidas<\/a><\/p>\n<\/div>\n\n\n\n<div class=\"wp-block-group is-vertical is-content-justification-stretch is-layout-flex wp-container-core-group-is-layout-353c4f5a wp-block-group-is-layout-flex\">\n<div class=\"wp-block-cover is-light\"><img loading=\"lazy\" decoding=\"async\" width=\"1024\" height=\"682\" class=\"wp-block-cover__image-background wp-image-44 size-full\" alt=\"\" src=\"https:\/\/brillantesaeta.espaciohumanista.org\/wp-content\/uploads\/2025\/06\/ensupijama.jpg\" data-object-fit=\"cover\" srcset=\"https:\/\/brillantesaeta.espaciohumanista.org\/wp-content\/uploads\/2025\/06\/ensupijama.jpg 1024w, https:\/\/brillantesaeta.espaciohumanista.org\/wp-content\/uploads\/2025\/06\/ensupijama-300x200.jpg 300w, https:\/\/brillantesaeta.espaciohumanista.org\/wp-content\/uploads\/2025\/06\/ensupijama-768x512.jpg 768w\" sizes=\"auto, (max-width: 1024px) 100vw, 1024px\" \/><span aria-hidden=\"true\" class=\"wp-block-cover__background has-background-dim-0 has-background-dim\" style=\"background-color:#828282\"><\/span><div class=\"wp-block-cover__inner-container has-global-padding is-layout-constrained wp-block-cover-is-layout-constrained\">\n<div style=\"height:var(--wp--preset--spacing--20)\" aria-hidden=\"true\" class=\"wp-block-spacer\"><\/div>\n<\/div><\/div>\n\n\n\n<p class=\"has-text-align-center\"><a href=\"https:\/\/brillantesaeta.espaciohumanista.org\/index.php\/en-su-pijama\/\">En su Pijama<\/a><\/p>\n<\/div>\n\n\n\n<div class=\"wp-block-group is-vertical is-content-justification-stretch is-layout-flex wp-container-core-group-is-layout-353c4f5a wp-block-group-is-layout-flex\">\n<div class=\"wp-block-cover\" style=\"min-height:430px;aspect-ratio:unset;\"><img loading=\"lazy\" decoding=\"async\" width=\"1024\" height=\"682\" class=\"wp-block-cover__image-background wp-image-43 size-full\" alt=\"\" src=\"https:\/\/brillantesaeta.espaciohumanista.org\/wp-content\/uploads\/2025\/06\/istockphoto-1838163288-1024x1024-1.jpg\" data-object-fit=\"cover\" srcset=\"https:\/\/brillantesaeta.espaciohumanista.org\/wp-content\/uploads\/2025\/06\/istockphoto-1838163288-1024x1024-1.jpg 1024w, https:\/\/brillantesaeta.espaciohumanista.org\/wp-content\/uploads\/2025\/06\/istockphoto-1838163288-1024x1024-1-300x200.jpg 300w, https:\/\/brillantesaeta.espaciohumanista.org\/wp-content\/uploads\/2025\/06\/istockphoto-1838163288-1024x1024-1-768x512.jpg 768w\" sizes=\"auto, (max-width: 1024px) 100vw, 1024px\" \/><span aria-hidden=\"true\" class=\"wp-block-cover__background has-background-dim-0 has-background-dim\" style=\"background-color:#d6bc98\"><\/span><div class=\"wp-block-cover__inner-container has-global-padding is-layout-constrained wp-block-cover-is-layout-constrained\">\n<div style=\"height:var(--wp--preset--spacing--20)\" aria-hidden=\"true\" class=\"wp-block-spacer\"><\/div>\n<\/div><\/div>\n\n\n\n<p class=\"has-text-align-center\"><a href=\"https:\/\/brillantesaeta.espaciohumanista.org\/index.php\/equipo-organizador\">Equipo organizador<\/a><\/p>\n<\/div>\n\n\n\n<div class=\"wp-block-group is-vertical is-content-justification-stretch is-layout-flex wp-container-core-group-is-layout-353c4f5a wp-block-group-is-layout-flex\">\n<div class=\"wp-block-cover is-light\" style=\"min-height:430px;aspect-ratio:unset;\"><img loading=\"lazy\" decoding=\"async\" width=\"561\" height=\"483\" class=\"wp-block-cover__image-background wp-image-69 size-full\" alt=\"\" src=\"https:\/\/brillantesaeta.espaciohumanista.org\/wp-content\/uploads\/2025\/06\/mujercompleta-1.jpg\" data-object-fit=\"cover\" srcset=\"https:\/\/brillantesaeta.espaciohumanista.org\/wp-content\/uploads\/2025\/06\/mujercompleta-1.jpg 561w, https:\/\/brillantesaeta.espaciohumanista.org\/wp-content\/uploads\/2025\/06\/mujercompleta-1-300x258.jpg 300w\" sizes=\"auto, (max-width: 561px) 100vw, 561px\" \/><span aria-hidden=\"true\" class=\"wp-block-cover__background has-background-dim-0 has-background-dim\" style=\"background-color:#d6bc98\"><\/span><div class=\"wp-block-cover__inner-container has-global-padding is-layout-constrained wp-block-cover-is-layout-constrained\">\n<div style=\"height:var(--wp--preset--spacing--20)\" aria-hidden=\"true\" class=\"wp-block-spacer\"><\/div>\n<\/div><\/div>\n\n\n\n<p class=\"has-text-align-center\"><a href=\"https:\/\/brillantesaeta.espaciohumanista.org\/index.php\/mujer-completa\">Mujer Completa<\/a><\/p>\n<\/div>\n<\/div>\n<\/div>\n","protected":false},"excerpt":{"rendered":"<p>No eres un b\u00f3lido que cae, sino una brillante saeta que vuelas hacia los cielos. Brillante saeta es un grupo de personas, que tienen como prop\u00f3sito, la transmisi\u00f3n de los relatos de vida, poniendo la mirada sobre todo en las experiencias de la no-violencia, la compasi\u00f3n y la ayuda. Experiencias que nos recuerdan quienes somos [&hellip;]<\/p>\n","protected":false},"author":1,"featured_media":0,"parent":0,"menu_order":0,"comment_status":"closed","ping_status":"closed","template":"","meta":{"footnotes":""},"class_list":["post-38","page","type-page","status-publish","hentry"],"yoast_head":"<!-- This site is optimized with the Yoast SEO plugin v27.4 - https:\/\/yoast.com\/product\/yoast-seo-wordpress\/ -->\n<title>Brillante Saeta - Top Of The World<\/title>\n<meta name=\"robots\" content=\"index, follow, max-snippet:-1, max-image-preview:large, max-video-preview:-1\" \/>\n<link rel=\"canonical\" href=\"https:\/\/brillantesaeta.espaciohumanista.org\/\" \/>\n<meta property=\"og:locale\" content=\"es_ES\" \/>\n<meta property=\"og:type\" content=\"article\" \/>\n<meta property=\"og:title\" content=\"Brillante Saeta - Top Of The World\" \/>\n<meta property=\"og:description\" content=\"No eres un b\u00f3lido que cae, sino una brillante saeta que vuelas hacia los cielos. Brillante saeta es un grupo de personas, que tienen como prop\u00f3sito, la transmisi\u00f3n de los relatos de vida, poniendo la mirada sobre todo en las experiencias de la no-violencia, la compasi\u00f3n y la ayuda. Experiencias que nos recuerdan quienes somos [&hellip;]\" \/>\n<meta property=\"og:url\" content=\"https:\/\/brillantesaeta.espaciohumanista.org\/\" \/>\n<meta property=\"og:site_name\" content=\"Top Of The World\" \/>\n<meta property=\"article:modified_time\" content=\"2025-07-16T17:03:22+00:00\" \/>\n<meta property=\"og:image\" content=\"https:\/\/brillantesaeta.espaciohumanista.org\/wp-content\/uploads\/2025\/06\/cieloestrellado.png\" \/>\n\t<meta property=\"og:image:width\" content=\"540\" \/>\n\t<meta property=\"og:image:height\" content=\"522\" \/>\n\t<meta property=\"og:image:type\" content=\"image\/png\" \/>\n<meta name=\"twitter:card\" content=\"summary_large_image\" \/>\n<meta name=\"twitter:label1\" content=\"Tiempo de lectura\" \/>\n\t<meta name=\"twitter:data1\" content=\"2 minutos\" \/>\n<script type=\"application\/ld+json\" class=\"yoast-schema-graph\">{\"@context\":\"https:\\\/\\\/schema.org\",\"@graph\":[{\"@type\":\"WebPage\",\"@id\":\"https:\\\/\\\/brillantesaeta.espaciohumanista.org\\\/\",\"url\":\"https:\\\/\\\/brillantesaeta.espaciohumanista.org\\\/\",\"name\":\"Brillante Saeta - Top Of The World\",\"isPartOf\":{\"@id\":\"https:\\\/\\\/brillantesaeta.espaciohumanista.org\\\/#website\"},\"primaryImageOfPage\":{\"@id\":\"https:\\\/\\\/brillantesaeta.espaciohumanista.org\\\/#primaryimage\"},\"image\":{\"@id\":\"https:\\\/\\\/brillantesaeta.espaciohumanista.org\\\/#primaryimage\"},\"thumbnailUrl\":\"https:\\\/\\\/brillantesaeta.espaciohumanista.org\\\/wp-content\\\/uploads\\\/2025\\\/06\\\/cieloestrellado.png\",\"datePublished\":\"2025-06-19T09:25:39+00:00\",\"dateModified\":\"2025-07-16T17:03:22+00:00\",\"breadcrumb\":{\"@id\":\"https:\\\/\\\/brillantesaeta.espaciohumanista.org\\\/#breadcrumb\"},\"inLanguage\":\"es\",\"potentialAction\":[{\"@type\":\"ReadAction\",\"target\":[\"https:\\\/\\\/brillantesaeta.espaciohumanista.org\\\/\"]}]},{\"@type\":\"ImageObject\",\"inLanguage\":\"es\",\"@id\":\"https:\\\/\\\/brillantesaeta.espaciohumanista.org\\\/#primaryimage\",\"url\":\"https:\\\/\\\/brillantesaeta.espaciohumanista.org\\\/wp-content\\\/uploads\\\/2025\\\/06\\\/cieloestrellado.png\",\"contentUrl\":\"https:\\\/\\\/brillantesaeta.espaciohumanista.org\\\/wp-content\\\/uploads\\\/2025\\\/06\\\/cieloestrellado.png\",\"width\":540,\"height\":522},{\"@type\":\"BreadcrumbList\",\"@id\":\"https:\\\/\\\/brillantesaeta.espaciohumanista.org\\\/#breadcrumb\",\"itemListElement\":[{\"@type\":\"ListItem\",\"position\":1,\"name\":\"Portada\",\"item\":\"https:\\\/\\\/brillantesaeta.espaciohumanista.org\\\/\"},{\"@type\":\"ListItem\",\"position\":2,\"name\":\"Brillante Saeta\"}]},{\"@type\":\"WebSite\",\"@id\":\"https:\\\/\\\/brillantesaeta.espaciohumanista.org\\\/#website\",\"url\":\"https:\\\/\\\/brillantesaeta.espaciohumanista.org\\\/\",\"name\":\"Top Of The World\",\"description\":\"\",\"potentialAction\":[{\"@type\":\"SearchAction\",\"target\":{\"@type\":\"EntryPoint\",\"urlTemplate\":\"https:\\\/\\\/brillantesaeta.espaciohumanista.org\\\/?s={search_term_string}\"},\"query-input\":{\"@type\":\"PropertyValueSpecification\",\"valueRequired\":true,\"valueName\":\"search_term_string\"}}],\"inLanguage\":\"es\"}]}<\/script>\n<!-- \/ Yoast SEO plugin. -->","yoast_head_json":{"title":"Brillante Saeta - Top Of The World","robots":{"index":"index","follow":"follow","max-snippet":"max-snippet:-1","max-image-preview":"max-image-preview:large","max-video-preview":"max-video-preview:-1"},"canonical":"https:\/\/brillantesaeta.espaciohumanista.org\/","og_locale":"es_ES","og_type":"article","og_title":"Brillante Saeta - Top Of The World","og_description":"No eres un b\u00f3lido que cae, sino una brillante saeta que vuelas hacia los cielos. Brillante saeta es un grupo de personas, que tienen como prop\u00f3sito, la transmisi\u00f3n de los relatos de vida, poniendo la mirada sobre todo en las experiencias de la no-violencia, la compasi\u00f3n y la ayuda. Experiencias que nos recuerdan quienes somos [&hellip;]","og_url":"https:\/\/brillantesaeta.espaciohumanista.org\/","og_site_name":"Top Of The World","article_modified_time":"2025-07-16T17:03:22+00:00","og_image":[{"width":540,"height":522,"url":"https:\/\/brillantesaeta.espaciohumanista.org\/wp-content\/uploads\/2025\/06\/cieloestrellado.png","type":"image\/png"}],"twitter_card":"summary_large_image","twitter_misc":{"Tiempo de lectura":"2 minutos"},"schema":{"@context":"https:\/\/schema.org","@graph":[{"@type":"WebPage","@id":"https:\/\/brillantesaeta.espaciohumanista.org\/","url":"https:\/\/brillantesaeta.espaciohumanista.org\/","name":"Brillante Saeta - Top Of The World","isPartOf":{"@id":"https:\/\/brillantesaeta.espaciohumanista.org\/#website"},"primaryImageOfPage":{"@id":"https:\/\/brillantesaeta.espaciohumanista.org\/#primaryimage"},"image":{"@id":"https:\/\/brillantesaeta.espaciohumanista.org\/#primaryimage"},"thumbnailUrl":"https:\/\/brillantesaeta.espaciohumanista.org\/wp-content\/uploads\/2025\/06\/cieloestrellado.png","datePublished":"2025-06-19T09:25:39+00:00","dateModified":"2025-07-16T17:03:22+00:00","breadcrumb":{"@id":"https:\/\/brillantesaeta.espaciohumanista.org\/#breadcrumb"},"inLanguage":"es","potentialAction":[{"@type":"ReadAction","target":["https:\/\/brillantesaeta.espaciohumanista.org\/"]}]},{"@type":"ImageObject","inLanguage":"es","@id":"https:\/\/brillantesaeta.espaciohumanista.org\/#primaryimage","url":"https:\/\/brillantesaeta.espaciohumanista.org\/wp-content\/uploads\/2025\/06\/cieloestrellado.png","contentUrl":"https:\/\/brillantesaeta.espaciohumanista.org\/wp-content\/uploads\/2025\/06\/cieloestrellado.png","width":540,"height":522},{"@type":"BreadcrumbList","@id":"https:\/\/brillantesaeta.espaciohumanista.org\/#breadcrumb","itemListElement":[{"@type":"ListItem","position":1,"name":"Portada","item":"https:\/\/brillantesaeta.espaciohumanista.org\/"},{"@type":"ListItem","position":2,"name":"Brillante Saeta"}]},{"@type":"WebSite","@id":"https:\/\/brillantesaeta.espaciohumanista.org\/#website","url":"https:\/\/brillantesaeta.espaciohumanista.org\/","name":"Top Of The World","description":"","potentialAction":[{"@type":"SearchAction","target":{"@type":"EntryPoint","urlTemplate":"https:\/\/brillantesaeta.espaciohumanista.org\/?s={search_term_string}"},"query-input":{"@type":"PropertyValueSpecification","valueRequired":true,"valueName":"search_term_string"}}],"inLanguage":"es"}]}},"_links":{"self":[{"href":"https:\/\/brillantesaeta.espaciohumanista.org\/index.php\/wp-json\/wp\/v2\/pages\/38","targetHints":{"allow":["GET"]}}],"collection":[{"href":"https:\/\/brillantesaeta.espaciohumanista.org\/index.php\/wp-json\/wp\/v2\/pages"}],"about":[{"href":"https:\/\/brillantesaeta.espaciohumanista.org\/index.php\/wp-json\/wp\/v2\/types\/page"}],"author":[{"embeddable":true,"href":"https:\/\/brillantesaeta.espaciohumanista.org\/index.php\/wp-json\/wp\/v2\/users\/1"}],"replies":[{"embeddable":true,"href":"https:\/\/brillantesaeta.espaciohumanista.org\/index.php\/wp-json\/wp\/v2\/comments?post=38"}],"version-history":[{"count":22,"href":"https:\/\/brillantesaeta.espaciohumanista.org\/index.php\/wp-json\/wp\/v2\/pages\/38\/revisions"}],"predecessor-version":[{"id":101,"href":"https:\/\/brillantesaeta.espaciohumanista.org\/index.php\/wp-json\/wp\/v2\/pages\/38\/revisions\/101"}],"wp:attachment":[{"href":"https:\/\/brillantesaeta.espaciohumanista.org\/index.php\/wp-json\/wp\/v2\/media?parent=38"}],"curies":[{"name":"wp","href":"https:\/\/api.w.org\/{rel}","templated":true}]}}