{"id":46,"date":"2025-06-19T10:53:21","date_gmt":"2025-06-19T10:53:21","guid":{"rendered":"https:\/\/brillantesaeta.espaciohumanista.org\/?page_id=46"},"modified":"2025-06-19T10:54:52","modified_gmt":"2025-06-19T10:54:52","slug":"vidas","status":"publish","type":"page","link":"https:\/\/brillantesaeta.espaciohumanista.org\/index.php\/vidas\/","title":{"rendered":"Vidas"},"content":{"rendered":"\n<div class=\"wp-block-group alignfull is-style-section-2 has-global-padding is-layout-constrained wp-block-group-is-layout-constrained is-style-section-2--1\" style=\"margin-top:0;margin-bottom:0;padding-top:var(--wp--preset--spacing--60);padding-bottom:var(--wp--preset--spacing--60)\">\n<div class=\"wp-block-columns alignwide is-layout-flex wp-container-core-columns-is-layout-643ced6b wp-block-columns-is-layout-flex\">\n<div class=\"wp-block-column is-layout-flow wp-block-column-is-layout-flow\" style=\"flex-basis:40%\">\n<figure class=\"wp-block-embed is-type-video is-provider-youtube wp-block-embed-youtube wp-embed-aspect-16-9 wp-has-aspect-ratio\"><div class=\"wp-block-embed__wrapper\">\n<iframe loading=\"lazy\" title=\"Dami\u00e1n Wurschmidt: Entrevista antes de su partida.\" width=\"500\" height=\"281\" src=\"https:\/\/www.youtube.com\/embed\/N4vloOFKuPU?feature=oembed\" frameborder=\"0\" allow=\"accelerometer; autoplay; clipboard-write; encrypted-media; gyroscope; picture-in-picture; web-share\" referrerpolicy=\"strict-origin-when-cross-origin\" allowfullscreen><\/iframe>\n<\/div><\/figure>\n<\/div>\n\n\n\n<div class=\"wp-block-column is-vertically-aligned-center is-layout-flow wp-container-core-column-is-layout-119bc444 wp-block-column-is-layout-flow\" style=\"flex-basis:60%\">\n<h2 class=\"wp-block-heading has-xx-large-font-size\">Adrian<\/h2>\n\n\n\n<p>Damian &#8230;.. parti\u00f3 el &#8230;.., unos d\u00edas antes de partir, se grab\u00f3 la siguiente entrevista. Cuando yo lo visit\u00e9 d\u00edas despu\u00e9s ya en el final de su enfermedad, le ped\u00ed permiso para la difusi\u00f3n de esta entrevista, que creo puede ser de apoyo o inspiraci\u00f3n. Dami\u00e1n asinti\u00f3 y agradeci\u00f3.<\/p>\n<\/div>\n<\/div>\n<\/div>\n","protected":false},"excerpt":{"rendered":"<p>Adrian Damian &#8230;.. parti\u00f3 el &#8230;.., unos d\u00edas antes de partir, se grab\u00f3 la siguiente entrevista. Cuando yo lo visit\u00e9 d\u00edas despu\u00e9s ya en el final de su enfermedad, le ped\u00ed permiso para la difusi\u00f3n de esta entrevista, que creo puede ser de apoyo o inspiraci\u00f3n. Dami\u00e1n asinti\u00f3 y agradeci\u00f3.<\/p>\n","protected":false},"author":1,"featured_media":0,"parent":0,"menu_order":0,"comment_status":"closed","ping_status":"closed","template":"","meta":{"footnotes":""},"class_list":["post-46","page","type-page","status-publish","hentry"],"yoast_head":"<!-- This site is optimized with the Yoast SEO plugin v27.4 - https:\/\/yoast.com\/product\/yoast-seo-wordpress\/ -->\n<title>Vidas - Top Of The World<\/title>\n<meta name=\"robots\" content=\"index, follow, max-snippet:-1, max-image-preview:large, max-video-preview:-1\" \/>\n<link rel=\"canonical\" href=\"https:\/\/brillantesaeta.espaciohumanista.org\/index.php\/vidas\/\" \/>\n<meta property=\"og:locale\" content=\"es_ES\" \/>\n<meta property=\"og:type\" content=\"article\" \/>\n<meta property=\"og:title\" content=\"Vidas - Top Of The World\" \/>\n<meta property=\"og:description\" content=\"Adrian Damian &#8230;.. parti\u00f3 el &#8230;.., unos d\u00edas antes de partir, se grab\u00f3 la siguiente entrevista. Cuando yo lo visit\u00e9 d\u00edas despu\u00e9s ya en el final de su enfermedad, le ped\u00ed permiso para la difusi\u00f3n de esta entrevista, que creo puede ser de apoyo o inspiraci\u00f3n. Dami\u00e1n asinti\u00f3 y agradeci\u00f3.\" \/>\n<meta property=\"og:url\" content=\"https:\/\/brillantesaeta.espaciohumanista.org\/index.php\/vidas\/\" \/>\n<meta property=\"og:site_name\" content=\"Top Of The World\" \/>\n<meta property=\"article:modified_time\" content=\"2025-06-19T10:54:52+00:00\" \/>\n<meta name=\"twitter:card\" content=\"summary_large_image\" \/>\n<meta name=\"twitter:label1\" content=\"Tiempo de lectura\" \/>\n\t<meta name=\"twitter:data1\" content=\"1 minuto\" \/>\n<script type=\"application\/ld+json\" class=\"yoast-schema-graph\">{\"@context\":\"https:\\\/\\\/schema.org\",\"@graph\":[{\"@type\":\"WebPage\",\"@id\":\"https:\\\/\\\/brillantesaeta.espaciohumanista.org\\\/index.php\\\/vidas\\\/\",\"url\":\"https:\\\/\\\/brillantesaeta.espaciohumanista.org\\\/index.php\\\/vidas\\\/\",\"name\":\"Vidas - Top Of The World\",\"isPartOf\":{\"@id\":\"https:\\\/\\\/brillantesaeta.espaciohumanista.org\\\/#website\"},\"datePublished\":\"2025-06-19T10:53:21+00:00\",\"dateModified\":\"2025-06-19T10:54:52+00:00\",\"breadcrumb\":{\"@id\":\"https:\\\/\\\/brillantesaeta.espaciohumanista.org\\\/index.php\\\/vidas\\\/#breadcrumb\"},\"inLanguage\":\"es\",\"potentialAction\":[{\"@type\":\"ReadAction\",\"target\":[\"https:\\\/\\\/brillantesaeta.espaciohumanista.org\\\/index.php\\\/vidas\\\/\"]}]},{\"@type\":\"BreadcrumbList\",\"@id\":\"https:\\\/\\\/brillantesaeta.espaciohumanista.org\\\/index.php\\\/vidas\\\/#breadcrumb\",\"itemListElement\":[{\"@type\":\"ListItem\",\"position\":1,\"name\":\"Portada\",\"item\":\"https:\\\/\\\/brillantesaeta.espaciohumanista.org\\\/\"},{\"@type\":\"ListItem\",\"position\":2,\"name\":\"Vidas\"}]},{\"@type\":\"WebSite\",\"@id\":\"https:\\\/\\\/brillantesaeta.espaciohumanista.org\\\/#website\",\"url\":\"https:\\\/\\\/brillantesaeta.espaciohumanista.org\\\/\",\"name\":\"Top Of The World\",\"description\":\"\",\"potentialAction\":[{\"@type\":\"SearchAction\",\"target\":{\"@type\":\"EntryPoint\",\"urlTemplate\":\"https:\\\/\\\/brillantesaeta.espaciohumanista.org\\\/?s={search_term_string}\"},\"query-input\":{\"@type\":\"PropertyValueSpecification\",\"valueRequired\":true,\"valueName\":\"search_term_string\"}}],\"inLanguage\":\"es\"}]}<\/script>\n<!-- \/ Yoast SEO plugin. -->","yoast_head_json":{"title":"Vidas - Top Of The World","robots":{"index":"index","follow":"follow","max-snippet":"max-snippet:-1","max-image-preview":"max-image-preview:large","max-video-preview":"max-video-preview:-1"},"canonical":"https:\/\/brillantesaeta.espaciohumanista.org\/index.php\/vidas\/","og_locale":"es_ES","og_type":"article","og_title":"Vidas - Top Of The World","og_description":"Adrian Damian &#8230;.. parti\u00f3 el &#8230;.., unos d\u00edas antes de partir, se grab\u00f3 la siguiente entrevista. Cuando yo lo visit\u00e9 d\u00edas despu\u00e9s ya en el final de su enfermedad, le ped\u00ed permiso para la difusi\u00f3n de esta entrevista, que creo puede ser de apoyo o inspiraci\u00f3n. Dami\u00e1n asinti\u00f3 y agradeci\u00f3.","og_url":"https:\/\/brillantesaeta.espaciohumanista.org\/index.php\/vidas\/","og_site_name":"Top Of The World","article_modified_time":"2025-06-19T10:54:52+00:00","twitter_card":"summary_large_image","twitter_misc":{"Tiempo de lectura":"1 minuto"},"schema":{"@context":"https:\/\/schema.org","@graph":[{"@type":"WebPage","@id":"https:\/\/brillantesaeta.espaciohumanista.org\/index.php\/vidas\/","url":"https:\/\/brillantesaeta.espaciohumanista.org\/index.php\/vidas\/","name":"Vidas - Top Of The World","isPartOf":{"@id":"https:\/\/brillantesaeta.espaciohumanista.org\/#website"},"datePublished":"2025-06-19T10:53:21+00:00","dateModified":"2025-06-19T10:54:52+00:00","breadcrumb":{"@id":"https:\/\/brillantesaeta.espaciohumanista.org\/index.php\/vidas\/#breadcrumb"},"inLanguage":"es","potentialAction":[{"@type":"ReadAction","target":["https:\/\/brillantesaeta.espaciohumanista.org\/index.php\/vidas\/"]}]},{"@type":"BreadcrumbList","@id":"https:\/\/brillantesaeta.espaciohumanista.org\/index.php\/vidas\/#breadcrumb","itemListElement":[{"@type":"ListItem","position":1,"name":"Portada","item":"https:\/\/brillantesaeta.espaciohumanista.org\/"},{"@type":"ListItem","position":2,"name":"Vidas"}]},{"@type":"WebSite","@id":"https:\/\/brillantesaeta.espaciohumanista.org\/#website","url":"https:\/\/brillantesaeta.espaciohumanista.org\/","name":"Top Of The World","description":"","potentialAction":[{"@type":"SearchAction","target":{"@type":"EntryPoint","urlTemplate":"https:\/\/brillantesaeta.espaciohumanista.org\/?s={search_term_string}"},"query-input":{"@type":"PropertyValueSpecification","valueRequired":true,"valueName":"search_term_string"}}],"inLanguage":"es"}]}},"_links":{"self":[{"href":"https:\/\/brillantesaeta.espaciohumanista.org\/index.php\/wp-json\/wp\/v2\/pages\/46","targetHints":{"allow":["GET"]}}],"collection":[{"href":"https:\/\/brillantesaeta.espaciohumanista.org\/index.php\/wp-json\/wp\/v2\/pages"}],"about":[{"href":"https:\/\/brillantesaeta.espaciohumanista.org\/index.php\/wp-json\/wp\/v2\/types\/page"}],"author":[{"embeddable":true,"href":"https:\/\/brillantesaeta.espaciohumanista.org\/index.php\/wp-json\/wp\/v2\/users\/1"}],"replies":[{"embeddable":true,"href":"https:\/\/brillantesaeta.espaciohumanista.org\/index.php\/wp-json\/wp\/v2\/comments?post=46"}],"version-history":[{"count":3,"href":"https:\/\/brillantesaeta.espaciohumanista.org\/index.php\/wp-json\/wp\/v2\/pages\/46\/revisions"}],"predecessor-version":[{"id":59,"href":"https:\/\/brillantesaeta.espaciohumanista.org\/index.php\/wp-json\/wp\/v2\/pages\/46\/revisions\/59"}],"wp:attachment":[{"href":"https:\/\/brillantesaeta.espaciohumanista.org\/index.php\/wp-json\/wp\/v2\/media?parent=46"}],"curies":[{"name":"wp","href":"https:\/\/api.w.org\/{rel}","templated":true}]}}