{"id":72,"date":"2025-06-20T15:12:48","date_gmt":"2025-06-20T15:12:48","guid":{"rendered":"https:\/\/brillantesaeta.espaciohumanista.org\/?page_id=72"},"modified":"2025-07-16T17:06:23","modified_gmt":"2025-07-16T17:06:23","slug":"mujer-completa","status":"publish","type":"page","link":"https:\/\/brillantesaeta.espaciohumanista.org\/index.php\/mujer-completa\/","title":{"rendered":"Mujer Completa"},"content":{"rendered":"\n<div class=\"wp-block-group alignfull is-style-section-4 has-global-padding is-layout-constrained wp-block-group-is-layout-constrained is-style-section-4--1\" style=\"margin-top:0;margin-bottom:0;padding-top:var(--wp--preset--spacing--60);padding-bottom:var(--wp--preset--spacing--60)\">\n<div class=\"wp-block-columns alignwide is-layout-flex wp-container-core-columns-is-layout-643ced6b wp-block-columns-is-layout-flex\">\n<div class=\"wp-block-column is-layout-flow wp-block-column-is-layout-flow\" style=\"flex-basis:40%\">\n<figure class=\"wp-block-image size-full\"><img loading=\"lazy\" decoding=\"async\" width=\"561\" height=\"483\" src=\"https:\/\/brillantesaeta.espaciohumanista.org\/wp-content\/uploads\/2025\/06\/mujercompleta.jpg\" alt=\"\" class=\"wp-image-67\" srcset=\"https:\/\/brillantesaeta.espaciohumanista.org\/wp-content\/uploads\/2025\/06\/mujercompleta.jpg 561w, https:\/\/brillantesaeta.espaciohumanista.org\/wp-content\/uploads\/2025\/06\/mujercompleta-300x258.jpg 300w\" sizes=\"auto, (max-width: 561px) 100vw, 561px\" \/><\/figure>\n<\/div>\n\n\n\n<div class=\"wp-block-column is-vertically-aligned-center is-layout-flow wp-container-core-column-is-layout-119bc444 wp-block-column-is-layout-flow\" style=\"flex-basis:60%\">\n<h2 class=\"wp-block-heading has-xx-large-font-size\"><\/h2>\n\n\n\n<p>\u00ab\u00bfPor que a m\u00ed?\u00bb es la pregunta que me atormentaba cuando me dijeron que tenia c\u00e1ncer. Despu\u00e9s de un tiempo cambi\u00e9 la pregunta a \u00ab\u00bfpara que puede ser servir? \u00bfcomo puedo darle sentido?\u00bb Esta es la respuesta gracias a una busqueda, a un encuentro y una esperanza.<\/p>\n\n\n\n<div class=\"wp-block-group is-vertical is-layout-flex wp-container-core-group-is-layout-41e20069 wp-block-group-is-layout-flex\">\n<h3 class=\"wp-block-heading has-small-font-size\" style=\"font-style:normal;font-weight:600;letter-spacing:1px;text-transform:uppercase\">Suscr\u00edbete en tu plataforma favorita<\/h3>\n\n\n\n<div class=\"wp-block-group is-layout-flex wp-block-group-is-layout-flex\">\n<p class=\"is-style-text-annotation is-style-text-annotation--2\"><a href=\"#\">YouTube<\/a><\/p>\n\n\n\n<p class=\"is-style-text-annotation is-style-text-annotation--3\"><a href=\"#\">Apple Podcasts<\/a><\/p>\n\n\n\n<p class=\"is-style-text-annotation is-style-text-annotation--4\"><a href=\"#\">Spotify<\/a><\/p>\n\n\n\n<p class=\"is-style-text-annotation is-style-text-annotation--5\"><a href=\"#\">Pocket Casts<\/a><\/p>\n\n\n\n<p class=\"is-style-text-annotation is-style-text-annotation--6\"><a href=\"#\">RSS<\/a><\/p>\n<\/div>\n<\/div>\n<\/div>\n<\/div>\n<\/div>\n\n\n\n<div class=\"wp-block-group alignfull has-global-padding is-layout-constrained wp-container-core-group-is-layout-ebee8dc1 wp-block-group-is-layout-constrained\" style=\"margin-top:0;margin-bottom:0;padding-top:var(--wp--preset--spacing--50);padding-bottom:var(--wp--preset--spacing--50)\">\n<div class=\"wp-block-group alignwide is-content-justification-space-between is-layout-flex wp-container-core-group-is-layout-9366075c wp-block-group-is-layout-flex\">\n<h2 class=\"wp-block-heading alignwide has-text-align-left is-style-text-subtitle has-x-large-font-size is-style-text-subtitle--7\">Explora los episodios<\/h2>\n\n\n\n<p class=\"is-style-text-annotation is-style-text-annotation--8\">Podcast<\/p>\n<\/div>\n\n\n\n<div class=\"wp-block-group alignwide is-layout-grid wp-container-core-group-is-layout-1ce758a5 wp-block-group-is-layout-grid\">\n<figure class=\"wp-block-embed is-type-video is-provider-youtube wp-block-embed-youtube wp-embed-aspect-16-9 wp-has-aspect-ratio\"><div class=\"wp-block-embed__wrapper\">\n<iframe loading=\"lazy\" title=\"MUJER COMPLETA - Episodio 1 - El Diagn\u00f3stico\" width=\"500\" height=\"281\" src=\"https:\/\/www.youtube.com\/embed\/qKZt6PA8dBE?feature=oembed\" frameborder=\"0\" allow=\"accelerometer; autoplay; clipboard-write; encrypted-media; gyroscope; picture-in-picture; web-share\" referrerpolicy=\"strict-origin-when-cross-origin\" allowfullscreen><\/iframe>\n<\/div><\/figure>\n\n\n\n<figure class=\"wp-block-embed is-type-video is-provider-youtube wp-block-embed-youtube wp-embed-aspect-16-9 wp-has-aspect-ratio\"><div class=\"wp-block-embed__wrapper\">\n<iframe loading=\"lazy\" title=\"MUJER COMPLETA - Episodio 2 - La Decisi\u00f3n\" width=\"500\" height=\"281\" src=\"https:\/\/www.youtube.com\/embed\/zp88_ZY3AKU?feature=oembed\" frameborder=\"0\" allow=\"accelerometer; autoplay; clipboard-write; encrypted-media; gyroscope; picture-in-picture; web-share\" referrerpolicy=\"strict-origin-when-cross-origin\" allowfullscreen><\/iframe>\n<\/div><\/figure>\n\n\n\n<figure class=\"wp-block-embed is-type-video is-provider-youtube wp-block-embed-youtube wp-embed-aspect-16-9 wp-has-aspect-ratio\"><div class=\"wp-block-embed__wrapper\">\n<iframe loading=\"lazy\" title=\"MUJER COMPLETA - Episodio 3 - La cirug\u00eda\" width=\"500\" height=\"281\" src=\"https:\/\/www.youtube.com\/embed\/JZTr8r76N3U?feature=oembed\" frameborder=\"0\" allow=\"accelerometer; autoplay; clipboard-write; encrypted-media; gyroscope; picture-in-picture; web-share\" referrerpolicy=\"strict-origin-when-cross-origin\" allowfullscreen><\/iframe>\n<\/div><\/figure>\n\n\n\n<figure class=\"wp-block-embed is-type-video is-provider-youtube wp-block-embed-youtube wp-embed-aspect-16-9 wp-has-aspect-ratio\"><div class=\"wp-block-embed__wrapper\">\n<iframe loading=\"lazy\" title=\"MUJER COMPLETA - Episodio 4 - La recuperaci\u00f3n\" width=\"500\" height=\"281\" src=\"https:\/\/www.youtube.com\/embed\/mC7Cxya2Ew4?feature=oembed\" frameborder=\"0\" allow=\"accelerometer; autoplay; clipboard-write; encrypted-media; gyroscope; picture-in-picture; web-share\" referrerpolicy=\"strict-origin-when-cross-origin\" allowfullscreen><\/iframe>\n<\/div><\/figure>\n\n\n\n<figure class=\"wp-block-embed is-type-video is-provider-youtube wp-block-embed-youtube wp-embed-aspect-16-9 wp-has-aspect-ratio\"><div class=\"wp-block-embed__wrapper\">\n<iframe loading=\"lazy\" title=\"MUJER COMPLETA - Episodio 5 - La Recuperaci\u00f3n, 2\u00aa parte.\" width=\"500\" height=\"281\" src=\"https:\/\/www.youtube.com\/embed\/pVF_f18_DL8?feature=oembed\" frameborder=\"0\" allow=\"accelerometer; autoplay; clipboard-write; encrypted-media; gyroscope; picture-in-picture; web-share\" referrerpolicy=\"strict-origin-when-cross-origin\" allowfullscreen><\/iframe>\n<\/div><\/figure>\n\n\n\n<figure class=\"wp-block-embed is-type-video is-provider-youtube wp-block-embed-youtube wp-embed-aspect-16-9 wp-has-aspect-ratio\"><div class=\"wp-block-embed__wrapper\">\n<iframe loading=\"lazy\" title=\"MUJER COMPLETA - Episodio 6 - La desintegraci\u00f3n de la ilusi\u00f3n\" width=\"500\" height=\"281\" src=\"https:\/\/www.youtube.com\/embed\/9Z6-rxGir5s?feature=oembed\" frameborder=\"0\" allow=\"accelerometer; autoplay; clipboard-write; encrypted-media; gyroscope; picture-in-picture; web-share\" referrerpolicy=\"strict-origin-when-cross-origin\" allowfullscreen><\/iframe>\n<\/div><\/figure>\n<\/div>\n<\/div>\n\n\n\n<aside class=\"wp-block-group alignfull is-style-section-3 has-global-padding is-layout-constrained wp-container-core-group-is-layout-f0f2a97b wp-block-group-is-layout-constrained is-style-section-3--9\" style=\"margin-top:0;margin-bottom:0;padding-top:var(--wp--preset--spacing--50);padding-right:var(--wp--preset--spacing--50);padding-bottom:var(--wp--preset--spacing--50);padding-left:var(--wp--preset--spacing--50)\">\n<div class=\"wp-block-group is-vertical is-content-justification-center is-layout-flex wp-container-core-group-is-layout-8778ca4a wp-block-group-is-layout-flex\" style=\"min-height:360px;margin-top:0;margin-bottom:0\">\n<h2 class=\"wp-block-heading has-text-align-center has-xx-large-font-size\">Reg\u00edstrate para recibir historias diariamente<\/h2>\n\n\n\n<p class=\"has-text-align-center is-style-text-subtitle is-style-text-subtitle--10\">Accede a una colecci\u00f3n de momentos seleccionados en el tiempo con fotograf\u00edas de relevancia hist\u00f3rica.<\/p>\n\n\n\n<div style=\"height:0px\" aria-hidden=\"true\" class=\"wp-block-spacer wp-container-content-62aae154\"><\/div>\n\n\n\n<div class=\"wp-block-buttons is-content-justification-center is-layout-flex wp-container-core-buttons-is-layout-a89b3969 wp-block-buttons-is-layout-flex\">\n<div class=\"wp-block-button\"><a class=\"wp-block-button__link has-text-align-center wp-element-button\">Suscr\u00edbete<\/a><\/div>\n<\/div>\n<\/div>\n<\/aside>\n","protected":false},"excerpt":{"rendered":"<p>\u00ab\u00bfPor que a m\u00ed?\u00bb es la pregunta que me atormentaba cuando me dijeron que tenia c\u00e1ncer. Despu\u00e9s de un tiempo cambi\u00e9 la pregunta a \u00ab\u00bfpara que puede ser servir? \u00bfcomo puedo darle sentido?\u00bb Esta es la respuesta gracias a una busqueda, a un encuentro y una esperanza. Suscr\u00edbete en tu plataforma favorita YouTube Apple Podcasts [&hellip;]<\/p>\n","protected":false},"author":1,"featured_media":0,"parent":0,"menu_order":0,"comment_status":"closed","ping_status":"closed","template":"","meta":{"footnotes":""},"class_list":["post-72","page","type-page","status-publish","hentry"],"yoast_head":"<!-- This site is optimized with the Yoast SEO plugin v27.4 - https:\/\/yoast.com\/product\/yoast-seo-wordpress\/ -->\n<title>Mujer Completa - Top Of The World<\/title>\n<meta name=\"robots\" content=\"index, follow, max-snippet:-1, max-image-preview:large, max-video-preview:-1\" \/>\n<link rel=\"canonical\" href=\"https:\/\/brillantesaeta.espaciohumanista.org\/index.php\/mujer-completa\/\" \/>\n<meta property=\"og:locale\" content=\"es_ES\" \/>\n<meta property=\"og:type\" content=\"article\" \/>\n<meta property=\"og:title\" content=\"Mujer Completa - Top Of The World\" \/>\n<meta property=\"og:description\" content=\"\u00ab\u00bfPor que a m\u00ed?\u00bb es la pregunta que me atormentaba cuando me dijeron que tenia c\u00e1ncer. Despu\u00e9s de un tiempo cambi\u00e9 la pregunta a \u00ab\u00bfpara que puede ser servir? \u00bfcomo puedo darle sentido?\u00bb Esta es la respuesta gracias a una busqueda, a un encuentro y una esperanza. Suscr\u00edbete en tu plataforma favorita YouTube Apple Podcasts [&hellip;]\" \/>\n<meta property=\"og:url\" content=\"https:\/\/brillantesaeta.espaciohumanista.org\/index.php\/mujer-completa\/\" \/>\n<meta property=\"og:site_name\" content=\"Top Of The World\" \/>\n<meta property=\"article:modified_time\" content=\"2025-07-16T17:06:23+00:00\" \/>\n<meta property=\"og:image\" content=\"https:\/\/brillantesaeta.espaciohumanista.org\/wp-content\/uploads\/2025\/06\/mujercompleta.jpg\" \/>\n\t<meta property=\"og:image:width\" content=\"561\" \/>\n\t<meta property=\"og:image:height\" content=\"483\" \/>\n\t<meta property=\"og:image:type\" content=\"image\/jpeg\" \/>\n<meta name=\"twitter:card\" content=\"summary_large_image\" \/>\n<meta name=\"twitter:label1\" content=\"Tiempo de lectura\" \/>\n\t<meta name=\"twitter:data1\" content=\"1 minuto\" \/>\n<script type=\"application\/ld+json\" class=\"yoast-schema-graph\">{\"@context\":\"https:\\\/\\\/schema.org\",\"@graph\":[{\"@type\":\"WebPage\",\"@id\":\"https:\\\/\\\/brillantesaeta.espaciohumanista.org\\\/index.php\\\/mujer-completa\\\/\",\"url\":\"https:\\\/\\\/brillantesaeta.espaciohumanista.org\\\/index.php\\\/mujer-completa\\\/\",\"name\":\"Mujer Completa - Top Of The World\",\"isPartOf\":{\"@id\":\"https:\\\/\\\/brillantesaeta.espaciohumanista.org\\\/#website\"},\"primaryImageOfPage\":{\"@id\":\"https:\\\/\\\/brillantesaeta.espaciohumanista.org\\\/index.php\\\/mujer-completa\\\/#primaryimage\"},\"image\":{\"@id\":\"https:\\\/\\\/brillantesaeta.espaciohumanista.org\\\/index.php\\\/mujer-completa\\\/#primaryimage\"},\"thumbnailUrl\":\"https:\\\/\\\/brillantesaeta.espaciohumanista.org\\\/wp-content\\\/uploads\\\/2025\\\/06\\\/mujercompleta.jpg\",\"datePublished\":\"2025-06-20T15:12:48+00:00\",\"dateModified\":\"2025-07-16T17:06:23+00:00\",\"breadcrumb\":{\"@id\":\"https:\\\/\\\/brillantesaeta.espaciohumanista.org\\\/index.php\\\/mujer-completa\\\/#breadcrumb\"},\"inLanguage\":\"es\",\"potentialAction\":[{\"@type\":\"ReadAction\",\"target\":[\"https:\\\/\\\/brillantesaeta.espaciohumanista.org\\\/index.php\\\/mujer-completa\\\/\"]}]},{\"@type\":\"ImageObject\",\"inLanguage\":\"es\",\"@id\":\"https:\\\/\\\/brillantesaeta.espaciohumanista.org\\\/index.php\\\/mujer-completa\\\/#primaryimage\",\"url\":\"https:\\\/\\\/brillantesaeta.espaciohumanista.org\\\/wp-content\\\/uploads\\\/2025\\\/06\\\/mujercompleta.jpg\",\"contentUrl\":\"https:\\\/\\\/brillantesaeta.espaciohumanista.org\\\/wp-content\\\/uploads\\\/2025\\\/06\\\/mujercompleta.jpg\",\"width\":561,\"height\":483},{\"@type\":\"BreadcrumbList\",\"@id\":\"https:\\\/\\\/brillantesaeta.espaciohumanista.org\\\/index.php\\\/mujer-completa\\\/#breadcrumb\",\"itemListElement\":[{\"@type\":\"ListItem\",\"position\":1,\"name\":\"Portada\",\"item\":\"https:\\\/\\\/brillantesaeta.espaciohumanista.org\\\/\"},{\"@type\":\"ListItem\",\"position\":2,\"name\":\"Mujer Completa\"}]},{\"@type\":\"WebSite\",\"@id\":\"https:\\\/\\\/brillantesaeta.espaciohumanista.org\\\/#website\",\"url\":\"https:\\\/\\\/brillantesaeta.espaciohumanista.org\\\/\",\"name\":\"Top Of The World\",\"description\":\"\",\"potentialAction\":[{\"@type\":\"SearchAction\",\"target\":{\"@type\":\"EntryPoint\",\"urlTemplate\":\"https:\\\/\\\/brillantesaeta.espaciohumanista.org\\\/?s={search_term_string}\"},\"query-input\":{\"@type\":\"PropertyValueSpecification\",\"valueRequired\":true,\"valueName\":\"search_term_string\"}}],\"inLanguage\":\"es\"}]}<\/script>\n<!-- \/ Yoast SEO plugin. -->","yoast_head_json":{"title":"Mujer Completa - Top Of The World","robots":{"index":"index","follow":"follow","max-snippet":"max-snippet:-1","max-image-preview":"max-image-preview:large","max-video-preview":"max-video-preview:-1"},"canonical":"https:\/\/brillantesaeta.espaciohumanista.org\/index.php\/mujer-completa\/","og_locale":"es_ES","og_type":"article","og_title":"Mujer Completa - Top Of The World","og_description":"\u00ab\u00bfPor que a m\u00ed?\u00bb es la pregunta que me atormentaba cuando me dijeron que tenia c\u00e1ncer. Despu\u00e9s de un tiempo cambi\u00e9 la pregunta a \u00ab\u00bfpara que puede ser servir? \u00bfcomo puedo darle sentido?\u00bb Esta es la respuesta gracias a una busqueda, a un encuentro y una esperanza. Suscr\u00edbete en tu plataforma favorita YouTube Apple Podcasts [&hellip;]","og_url":"https:\/\/brillantesaeta.espaciohumanista.org\/index.php\/mujer-completa\/","og_site_name":"Top Of The World","article_modified_time":"2025-07-16T17:06:23+00:00","og_image":[{"width":561,"height":483,"url":"https:\/\/brillantesaeta.espaciohumanista.org\/wp-content\/uploads\/2025\/06\/mujercompleta.jpg","type":"image\/jpeg"}],"twitter_card":"summary_large_image","twitter_misc":{"Tiempo de lectura":"1 minuto"},"schema":{"@context":"https:\/\/schema.org","@graph":[{"@type":"WebPage","@id":"https:\/\/brillantesaeta.espaciohumanista.org\/index.php\/mujer-completa\/","url":"https:\/\/brillantesaeta.espaciohumanista.org\/index.php\/mujer-completa\/","name":"Mujer Completa - Top Of The World","isPartOf":{"@id":"https:\/\/brillantesaeta.espaciohumanista.org\/#website"},"primaryImageOfPage":{"@id":"https:\/\/brillantesaeta.espaciohumanista.org\/index.php\/mujer-completa\/#primaryimage"},"image":{"@id":"https:\/\/brillantesaeta.espaciohumanista.org\/index.php\/mujer-completa\/#primaryimage"},"thumbnailUrl":"https:\/\/brillantesaeta.espaciohumanista.org\/wp-content\/uploads\/2025\/06\/mujercompleta.jpg","datePublished":"2025-06-20T15:12:48+00:00","dateModified":"2025-07-16T17:06:23+00:00","breadcrumb":{"@id":"https:\/\/brillantesaeta.espaciohumanista.org\/index.php\/mujer-completa\/#breadcrumb"},"inLanguage":"es","potentialAction":[{"@type":"ReadAction","target":["https:\/\/brillantesaeta.espaciohumanista.org\/index.php\/mujer-completa\/"]}]},{"@type":"ImageObject","inLanguage":"es","@id":"https:\/\/brillantesaeta.espaciohumanista.org\/index.php\/mujer-completa\/#primaryimage","url":"https:\/\/brillantesaeta.espaciohumanista.org\/wp-content\/uploads\/2025\/06\/mujercompleta.jpg","contentUrl":"https:\/\/brillantesaeta.espaciohumanista.org\/wp-content\/uploads\/2025\/06\/mujercompleta.jpg","width":561,"height":483},{"@type":"BreadcrumbList","@id":"https:\/\/brillantesaeta.espaciohumanista.org\/index.php\/mujer-completa\/#breadcrumb","itemListElement":[{"@type":"ListItem","position":1,"name":"Portada","item":"https:\/\/brillantesaeta.espaciohumanista.org\/"},{"@type":"ListItem","position":2,"name":"Mujer Completa"}]},{"@type":"WebSite","@id":"https:\/\/brillantesaeta.espaciohumanista.org\/#website","url":"https:\/\/brillantesaeta.espaciohumanista.org\/","name":"Top Of The World","description":"","potentialAction":[{"@type":"SearchAction","target":{"@type":"EntryPoint","urlTemplate":"https:\/\/brillantesaeta.espaciohumanista.org\/?s={search_term_string}"},"query-input":{"@type":"PropertyValueSpecification","valueRequired":true,"valueName":"search_term_string"}}],"inLanguage":"es"}]}},"_links":{"self":[{"href":"https:\/\/brillantesaeta.espaciohumanista.org\/index.php\/wp-json\/wp\/v2\/pages\/72","targetHints":{"allow":["GET"]}}],"collection":[{"href":"https:\/\/brillantesaeta.espaciohumanista.org\/index.php\/wp-json\/wp\/v2\/pages"}],"about":[{"href":"https:\/\/brillantesaeta.espaciohumanista.org\/index.php\/wp-json\/wp\/v2\/types\/page"}],"author":[{"embeddable":true,"href":"https:\/\/brillantesaeta.espaciohumanista.org\/index.php\/wp-json\/wp\/v2\/users\/1"}],"replies":[{"embeddable":true,"href":"https:\/\/brillantesaeta.espaciohumanista.org\/index.php\/wp-json\/wp\/v2\/comments?post=72"}],"version-history":[{"count":3,"href":"https:\/\/brillantesaeta.espaciohumanista.org\/index.php\/wp-json\/wp\/v2\/pages\/72\/revisions"}],"predecessor-version":[{"id":103,"href":"https:\/\/brillantesaeta.espaciohumanista.org\/index.php\/wp-json\/wp\/v2\/pages\/72\/revisions\/103"}],"wp:attachment":[{"href":"https:\/\/brillantesaeta.espaciohumanista.org\/index.php\/wp-json\/wp\/v2\/media?parent=72"}],"curies":[{"name":"wp","href":"https:\/\/api.w.org\/{rel}","templated":true}]}}